{"id":85,"date":"2014-10-29T01:17:42","date_gmt":"2014-10-29T01:17:42","guid":{"rendered":"http:\/\/avgd.com.br\/AVGD\/?page_id=85"},"modified":"2025-12-22T18:45:28","modified_gmt":"2025-12-22T20:45:28","slug":"contato","status":"publish","type":"page","link":"https:\/\/avgd.com.br\/AVGD\/contato\/","title":{"rendered":"Contato"},"content":{"rendered":"<p>[et_pb_section fb_built=&#8221;1&#8243; fullwidth=&#8221;on&#8221; _builder_version=&#8221;3.22&#8243;][et_pb_fullwidth_map address=&#8221;Av. Morumbi, 8627 &#8211; Santo Amaro, S\u00e3o Paulo &#8211; SP, 04703-003, Brasil&#8221; zoom_level=&#8221;15&#8243; address_lat=&#8221;-23.6221435&#8243; address_lng=&#8221;-46.68753600000002&#8243; _builder_version=&#8221;3.0.91&#8243;][et_pb_map_pin title=&#8221;AvantGarde Performance &#038; Maintenance&#8221; pin_address=&#8221;Av. Morumbi, 8627 &#8211; Santo Amaro, S\u00e3o Paulo &#8211; SP, 04703-003, Brasil&#8221; pin_address_lat=&#8221;-23.6221435&#8243; pin_address_lng=&#8221;-46.68753600000002&#8243; _builder_version=&#8221;3.0.47&#8243;] [\/et_pb_map_pin][\/et_pb_fullwidth_map][\/et_pb_section][et_pb_section fb_built=&#8221;1&#8243; inner_shadow=&#8221;on&#8221; custom_padding_last_edited=&#8221;on|desktop&#8221; admin_label=&#8221;section&#8221; _builder_version=&#8221;3.22&#8243; background_color=&#8221;#1f3e5e&#8221; custom_padding_tablet=&#8221;50px|0|50px|0&#8243; custom_padding_phone=&#8221;&#8221; transparent_background=&#8221;off&#8221; padding_mobile=&#8221;off&#8221;][et_pb_row column_structure=&#8221;1_3,1_3,1_3&#8243; admin_label=&#8221;row&#8221; _builder_version=&#8221;3.25&#8243; background_size=&#8221;initial&#8221; background_position=&#8221;top_left&#8221; background_repeat=&#8221;repeat&#8221;][et_pb_column type=&#8221;1_3&#8243; _builder_version=&#8221;3.25&#8243; custom_padding=&#8221;|||&#8221; custom_padding__hover=&#8221;|||&#8221;][et_pb_blurb title=&#8221;Telefones&#8221; use_icon=&#8221;on&#8221; font_icon=&#8221;\ue090&#8221; use_circle=&#8221;on&#8221; circle_color=&#8221;#ffffff&#8221; icon_placement=&#8221;left&#8221; admin_label=&#8221;Telefone&#8221; _builder_version=&#8221;4.9.6&#8243; header_font=&#8221;|600||on|||||&#8221; header_font_size=&#8221;28px&#8221; header_letter_spacing=&#8221;1px&#8221; body_font=&#8221;||||||||&#8221; body_font_size=&#8221;20px&#8221; background_size=&#8221;initial&#8221; background_position=&#8221;top_left&#8221; background_repeat=&#8221;repeat&#8221; background_layout=&#8221;dark&#8221; animation=&#8221;left&#8221; hover_enabled=&#8221;0&#8243; use_border_color=&#8221;off&#8221; border_color=&#8221;#ffffff&#8221; border_style=&#8221;solid&#8221; sticky_enabled=&#8221;0&#8243;]<\/p>\n<p>Telefone (11) 5533-0303<\/p>\n<p>[\/et_pb_blurb][\/et_pb_column][et_pb_column type=&#8221;1_3&#8243; _builder_version=&#8221;3.25&#8243; custom_padding=&#8221;|||&#8221; custom_padding__hover=&#8221;|||&#8221;][et_pb_blurb title=&#8221;Endere\u00e7o&#8221; use_icon=&#8221;on&#8221; font_icon=&#8221;%%249%%&#8221; use_circle=&#8221;on&#8221; circle_color=&#8221;#ffffff&#8221; icon_placement=&#8221;left&#8221; admin_label=&#8221;Telefone&#8221; _builder_version=&#8221;3.0.94&#8243; header_font=&#8221;|600||on|||||&#8221; header_font_size=&#8221;28px&#8221; header_letter_spacing=&#8221;1px&#8221; body_font=&#8221;||||||||&#8221; body_font_size=&#8221;20px&#8221; background_size=&#8221;initial&#8221; background_position=&#8221;top_left&#8221; background_repeat=&#8221;repeat&#8221; background_layout=&#8221;dark&#8221; animation=&#8221;left&#8221; use_border_color=&#8221;off&#8221; border_color=&#8221;#ffffff&#8221; border_style=&#8221;solid&#8221;]<\/p>\n<p>Avenida Morumbi 8641<br \/> (Esquina com Av. Portugal)<br \/> Brooklin, S\u00e3o Paulo &#8211; SP<br \/> CEP 04703-004<\/p>\n<p>[\/et_pb_blurb][\/et_pb_column][et_pb_column type=&#8221;1_3&#8243; _builder_version=&#8221;3.25&#8243; custom_padding=&#8221;|||&#8221; custom_padding__hover=&#8221;|||&#8221;][et_pb_blurb title=&#8221;Hor\u00e1rios&#8221; use_icon=&#8221;on&#8221; font_icon=&#8221;%%373%%&#8221; use_circle=&#8221;on&#8221; circle_color=&#8221;#ffffff&#8221; icon_placement=&#8221;left&#8221; admin_label=&#8221;Telefone&#8221; _builder_version=&#8221;3.0.94&#8243; header_font=&#8221;|600||on|||||&#8221; header_font_size=&#8221;28px&#8221; header_letter_spacing=&#8221;1px&#8221; body_font=&#8221;||||||||&#8221; body_font_size=&#8221;20px&#8221; background_size=&#8221;initial&#8221; background_position=&#8221;top_left&#8221; background_repeat=&#8221;repeat&#8221; background_layout=&#8221;dark&#8221; animation=&#8221;left&#8221; use_border_color=&#8221;off&#8221; border_color=&#8221;#ffffff&#8221; border_style=&#8221;solid&#8221;]<\/p>\n<p><strong>Segunda a Sexta:<\/strong><br \/> Oficina completa <br \/>08h30 \u00e0s 18h00<\/p>\n<p><strong>S\u00e1bados:<\/strong><br \/> Servi\u00e7os r\u00e1pidos <br \/>09h00 \u00e0s 12h00<\/p>\n<p>[\/et_pb_blurb][\/et_pb_column][\/et_pb_row][\/et_pb_section][et_pb_section fb_built=&#8221;1&#8243; admin_label=&#8221;section&#8221; _builder_version=&#8221;3.22&#8243;][et_pb_row column_structure=&#8221;3_4,1_4&#8243; _builder_version=&#8221;3.25&#8243;][et_pb_column type=&#8221;3_4&#8243; _builder_version=&#8221;3.25&#8243; custom_padding=&#8221;|||&#8221; custom_padding__hover=&#8221;|||&#8221;][et_pb_contact_form captcha=&#8221;off&#8221; email=&#8221;contato1@avgd.com.br&#8221; title=&#8221;Contato, Reclama\u00e7\u00f5es e Sugest\u00f5es&#8221; use_redirect=&#8221;on&#8221; redirect_url=&#8221;https:\/\/avgd.com.br\/AVGD\/enviado-com-sucesso\/&#8221; success_message=&#8221;Aguarde, enviando solicita\u00e7\u00e3o&#8230;&#8221; module_id=&#8221;et_pb_contact_form_0&#8243; _builder_version=&#8221;4.9.6&#8243; title_font=&#8221;|600||on|||||&#8221; title_font_size=&#8221;30px&#8221; title_letter_spacing=&#8221;1px&#8221; border_radii=&#8221;on|0px|0px|0px|0px&#8221; use_border_color=&#8221;off&#8221;][et_pb_contact_field field_id=&#8221;Nome&#8221; field_title=&#8221;Nome&#8221; fullwidth_field=&#8221;on&#8221; _builder_version=&#8221;3.16&#8243; form_field_font=&#8221;||||&#8221; use_border_color=&#8221;off&#8221; button_text_size__hover_enabled=&#8221;off&#8221; button_one_text_size__hover_enabled=&#8221;off&#8221; button_two_text_size__hover_enabled=&#8221;off&#8221; button_text_color__hover_enabled=&#8221;off&#8221; button_one_text_color__hover_enabled=&#8221;off&#8221; button_two_text_color__hover_enabled=&#8221;off&#8221; button_border_width__hover_enabled=&#8221;off&#8221; button_one_border_width__hover_enabled=&#8221;off&#8221; button_two_border_width__hover_enabled=&#8221;off&#8221; button_border_color__hover_enabled=&#8221;off&#8221; button_one_border_color__hover_enabled=&#8221;off&#8221; button_two_border_color__hover_enabled=&#8221;off&#8221; button_border_radius__hover_enabled=&#8221;off&#8221; button_one_border_radius__hover_enabled=&#8221;off&#8221; button_two_border_radius__hover_enabled=&#8221;off&#8221; button_letter_spacing__hover_enabled=&#8221;off&#8221; button_one_letter_spacing__hover_enabled=&#8221;off&#8221; button_two_letter_spacing__hover_enabled=&#8221;off&#8221; button_bg_color__hover_enabled=&#8221;off&#8221; button_one_bg_color__hover_enabled=&#8221;off&#8221; button_two_bg_color__hover_enabled=&#8221;off&#8221;][\/et_pb_contact_field][et_pb_contact_field field_id=&#8221;Email&#8221; field_title=&#8221;Email&#8221; field_type=&#8221;email&#8221; fullwidth_field=&#8221;on&#8221; _builder_version=&#8221;3.16&#8243; button_text_size__hover_enabled=&#8221;off&#8221; button_one_text_size__hover_enabled=&#8221;off&#8221; button_two_text_size__hover_enabled=&#8221;off&#8221; button_text_color__hover_enabled=&#8221;off&#8221; button_one_text_color__hover_enabled=&#8221;off&#8221; button_two_text_color__hover_enabled=&#8221;off&#8221; button_border_width__hover_enabled=&#8221;off&#8221; button_one_border_width__hover_enabled=&#8221;off&#8221; button_two_border_width__hover_enabled=&#8221;off&#8221; button_border_color__hover_enabled=&#8221;off&#8221; button_one_border_color__hover_enabled=&#8221;off&#8221; button_two_border_color__hover_enabled=&#8221;off&#8221; button_border_radius__hover_enabled=&#8221;off&#8221; button_one_border_radius__hover_enabled=&#8221;off&#8221; button_two_border_radius__hover_enabled=&#8221;off&#8221; button_letter_spacing__hover_enabled=&#8221;off&#8221; button_one_letter_spacing__hover_enabled=&#8221;off&#8221; button_two_letter_spacing__hover_enabled=&#8221;off&#8221; button_bg_color__hover_enabled=&#8221;off&#8221; button_one_bg_color__hover_enabled=&#8221;off&#8221; button_two_bg_color__hover_enabled=&#8221;off&#8221;][\/et_pb_contact_field][et_pb_contact_field field_id=&#8221;Telefone&#8221; field_title=&#8221;Telefone&#8221; allowed_symbols=&#8221;numbers&#8221; required_mark=&#8221;off&#8221; fullwidth_field=&#8221;on&#8221; _builder_version=&#8221;4.9.6&#8243; button_text_size__hover_enabled=&#8221;off&#8221; button_one_text_size__hover_enabled=&#8221;off&#8221; button_two_text_size__hover_enabled=&#8221;off&#8221; button_text_color__hover_enabled=&#8221;off&#8221; button_one_text_color__hover_enabled=&#8221;off&#8221; button_two_text_color__hover_enabled=&#8221;off&#8221; button_border_width__hover_enabled=&#8221;off&#8221; button_one_border_width__hover_enabled=&#8221;off&#8221; button_two_border_width__hover_enabled=&#8221;off&#8221; button_border_color__hover_enabled=&#8221;off&#8221; button_one_border_color__hover_enabled=&#8221;off&#8221; button_two_border_color__hover_enabled=&#8221;off&#8221; button_border_radius__hover_enabled=&#8221;off&#8221; button_one_border_radius__hover_enabled=&#8221;off&#8221; button_two_border_radius__hover_enabled=&#8221;off&#8221; button_letter_spacing__hover_enabled=&#8221;off&#8221; button_one_letter_spacing__hover_enabled=&#8221;off&#8221; button_two_letter_spacing__hover_enabled=&#8221;off&#8221; button_bg_color__hover_enabled=&#8221;off&#8221; button_one_bg_color__hover_enabled=&#8221;off&#8221; button_two_bg_color__hover_enabled=&#8221;off&#8221;][\/et_pb_contact_field][et_pb_contact_field field_id=&#8221;Fonte_de_Refer\u00eancia&#8221; field_title=&#8221;Como nos conheceu?&#8221; field_type=&#8221;select&#8221; select_options=&#8221;%91{%22value%22:%22J\u00e1 sou cliente da casa%22,%22checked%22:0},{%22value%22:%22Indica\u00e7\u00e3o de amigos%22,%22checked%22:0},{%22value%22:%22Pesquisei no Google%22,%22checked%22:0},{%22value%22:%22Li um artigo no blog%22,%22checked%22:0},{%22value%22:%22Assisti um v\u00eddeo no Youtube%22,%22checked%22:0},{%22value%22:%22Descobri pelo Facebook%22,%22checked%22:0},{%22value%22:%22Descobri pelo Instagram%22,%22checked%22:0},{%22value%22:%22Nenhuma das anteriores%22,%22checked%22:0}%93&#8243; fullwidth_field=&#8221;on&#8221; _builder_version=&#8221;3.16&#8243; button_text_size__hover_enabled=&#8221;off&#8221; button_one_text_size__hover_enabled=&#8221;off&#8221; button_two_text_size__hover_enabled=&#8221;off&#8221; button_text_color__hover_enabled=&#8221;off&#8221; button_one_text_color__hover_enabled=&#8221;off&#8221; button_two_text_color__hover_enabled=&#8221;off&#8221; button_border_width__hover_enabled=&#8221;off&#8221; button_one_border_width__hover_enabled=&#8221;off&#8221; button_two_border_width__hover_enabled=&#8221;off&#8221; button_border_color__hover_enabled=&#8221;off&#8221; button_one_border_color__hover_enabled=&#8221;off&#8221; button_two_border_color__hover_enabled=&#8221;off&#8221; button_border_radius__hover_enabled=&#8221;off&#8221; button_one_border_radius__hover_enabled=&#8221;off&#8221; button_two_border_radius__hover_enabled=&#8221;off&#8221; button_letter_spacing__hover_enabled=&#8221;off&#8221; button_one_letter_spacing__hover_enabled=&#8221;off&#8221; button_two_letter_spacing__hover_enabled=&#8221;off&#8221; button_bg_color__hover_enabled=&#8221;off&#8221; button_one_bg_color__hover_enabled=&#8221;off&#8221; button_two_bg_color__hover_enabled=&#8221;off&#8221;][\/et_pb_contact_field][et_pb_contact_field field_id=&#8221;Mensagem&#8221; field_title=&#8221;Mensagem&#8221; field_type=&#8221;text&#8221; fullwidth_field=&#8221;on&#8221; _builder_version=&#8221;3.16&#8243; form_field_font=&#8221;||||&#8221; border_style_all=&#8221;solid&#8221; use_border_color=&#8221;off&#8221; button_text_size__hover_enabled=&#8221;off&#8221; button_one_text_size__hover_enabled=&#8221;off&#8221; button_two_text_size__hover_enabled=&#8221;off&#8221; button_text_color__hover_enabled=&#8221;off&#8221; button_one_text_color__hover_enabled=&#8221;off&#8221; button_two_text_color__hover_enabled=&#8221;off&#8221; button_border_width__hover_enabled=&#8221;off&#8221; button_one_border_width__hover_enabled=&#8221;off&#8221; button_two_border_width__hover_enabled=&#8221;off&#8221; button_border_color__hover_enabled=&#8221;off&#8221; button_one_border_color__hover_enabled=&#8221;off&#8221; button_two_border_color__hover_enabled=&#8221;off&#8221; button_border_radius__hover_enabled=&#8221;off&#8221; button_one_border_radius__hover_enabled=&#8221;off&#8221; button_two_border_radius__hover_enabled=&#8221;off&#8221; button_letter_spacing__hover_enabled=&#8221;off&#8221; button_one_letter_spacing__hover_enabled=&#8221;off&#8221; button_two_letter_spacing__hover_enabled=&#8221;off&#8221; button_bg_color__hover_enabled=&#8221;off&#8221; button_one_bg_color__hover_enabled=&#8221;off&#8221; button_two_bg_color__hover_enabled=&#8221;off&#8221;][\/et_pb_contact_field][\/et_pb_contact_form][\/et_pb_column][et_pb_column type=&#8221;1_4&#8243; _builder_version=&#8221;3.25&#8243; custom_padding=&#8221;|||&#8221; custom_padding__hover=&#8221;|||&#8221;][\/et_pb_column][\/et_pb_row][\/et_pb_section]<\/p>\n","protected":false},"excerpt":{"rendered":"<p>[et_pb_section fb_built=&#8221;1&#8243; fullwidth=&#8221;on&#8221; _builder_version=&#8221;3.22&#8243;][et_pb_fullwidth_map address=&#8221;Av. Morumbi, 8627 &#8211; Santo Amaro, S\u00e3o Paulo &#8211; SP, 04703-003, Brasil&#8221; zoom_level=&#8221;15&#8243; address_lat=&#8221;-23.6221435&#8243; address_lng=&#8221;-46.68753600000002&#8243; _builder_version=&#8221;3.0.91&#8243;][et_pb_map_pin title=&#8221;AvantGarde Performance &#038; Maintenance&#8221; pin_address=&#8221;Av. Morumbi, 8627 &#8211; Santo Amaro, S\u00e3o Paulo &#8211; SP, 04703-003, Brasil&#8221; pin_address_lat=&#8221;-23.6221435&#8243; pin_address_lng=&#8221;-46.68753600000002&#8243; _builder_version=&#8221;3.0.47&#8243;] [\/et_pb_map_pin][\/et_pb_fullwidth_map][\/et_pb_section][et_pb_section fb_built=&#8221;1&#8243; inner_shadow=&#8221;on&#8221; custom_padding_last_edited=&#8221;on|desktop&#8221; admin_label=&#8221;section&#8221; _builder_version=&#8221;3.22&#8243; background_color=&#8221;#1f3e5e&#8221; custom_padding_tablet=&#8221;50px|0|50px|0&#8243; custom_padding_phone=&#8221;&#8221; transparent_background=&#8221;off&#8221; padding_mobile=&#8221;off&#8221;][et_pb_row column_structure=&#8221;1_3,1_3,1_3&#8243; admin_label=&#8221;row&#8221; _builder_version=&#8221;3.25&#8243; background_size=&#8221;initial&#8221; background_position=&#8221;top_left&#8221; [&hellip;]<\/p>\n","protected":false},"author":1,"featured_media":0,"parent":0,"menu_order":6,"comment_status":"closed","ping_status":"closed","template":"","meta":{"_et_pb_use_builder":"on","_et_pb_old_content":"","_et_gb_content_width":"","footnotes":""},"class_list":["post-85","page","type-page","status-publish","hentry"],"_links":{"self":[{"href":"https:\/\/avgd.com.br\/AVGD\/wp-json\/wp\/v2\/pages\/85","targetHints":{"allow":["GET"]}}],"collection":[{"href":"https:\/\/avgd.com.br\/AVGD\/wp-json\/wp\/v2\/pages"}],"about":[{"href":"https:\/\/avgd.com.br\/AVGD\/wp-json\/wp\/v2\/types\/page"}],"author":[{"embeddable":true,"href":"https:\/\/avgd.com.br\/AVGD\/wp-json\/wp\/v2\/users\/1"}],"replies":[{"embeddable":true,"href":"https:\/\/avgd.com.br\/AVGD\/wp-json\/wp\/v2\/comments?post=85"}],"version-history":[{"count":1,"href":"https:\/\/avgd.com.br\/AVGD\/wp-json\/wp\/v2\/pages\/85\/revisions"}],"predecessor-version":[{"id":30618,"href":"https:\/\/avgd.com.br\/AVGD\/wp-json\/wp\/v2\/pages\/85\/revisions\/30618"}],"wp:attachment":[{"href":"https:\/\/avgd.com.br\/AVGD\/wp-json\/wp\/v2\/media?parent=85"}],"curies":[{"name":"wp","href":"https:\/\/api.w.org\/{rel}","templated":true}]}}