{"id":49,"date":"2014-10-28T22:39:04","date_gmt":"2014-10-28T22:39:04","guid":{"rendered":"http:\/\/avgd.com.br\/AVGD\/?page_id=49"},"modified":"2017-06-16T22:05:22","modified_gmt":"2017-06-17T00:05:22","slug":"conceito","status":"publish","type":"page","link":"https:\/\/avgd.com.br\/AVGD\/conceito\/","title":{"rendered":"Conceito"},"content":{"rendered":"<p>[et_pb_section admin_label=&#8221;Section&#8221; fullwidth=&#8221;on&#8221; specialty=&#8221;off&#8221;][et_pb_fullwidth_slider admin_label=&#8221;Fullwidth Slider&#8221; show_arrows=&#8221;on&#8221; show_pagination=&#8221;on&#8221; auto=&#8221;off&#8221; auto_ignore_hover=&#8221;off&#8221; parallax=&#8221;off&#8221; parallax_method=&#8221;off&#8221; remove_inner_shadow=&#8221;off&#8221; background_position=&#8221;default&#8221; background_size=&#8221;default&#8221; hide_content_on_mobile=&#8221;off&#8221; hide_cta_on_mobile=&#8221;off&#8221; show_image_video_mobile=&#8221;off&#8221; custom_button=&#8221;off&#8221; button_letter_spacing=&#8221;0&#8243; button_use_icon=&#8221;default&#8221; button_icon_placement=&#8221;right&#8221; button_on_hover=&#8221;on&#8221; button_letter_spacing_hover=&#8221;0&#8243;] [et_pb_slide heading=&#8221;Oficina Especializada em Importados&#8221; background_image=&#8221;http:\/\/avgd.com.br\/AVGD\/wp-content\/uploads\/2016\/10\/Lounge3.jpg&#8221; background_position=&#8221;default&#8221; background_size=&#8221;default&#8221; background_color=&#8221;#ffffff&#8221; use_bg_overlay=&#8221;off&#8221; use_text_overlay=&#8221;off&#8221; alignment=&#8221;center&#8221; background_layout=&#8221;dark&#8221; allow_player_pause=&#8221;off&#8221; text_border_radius=&#8221;3&#8243; header_font_select=&#8221;default&#8221; header_font=&#8221;|on||on|&#8221; body_font_select=&#8221;default&#8221; body_font=&#8221;||||&#8221; custom_button=&#8221;off&#8221; button_font_select=&#8221;default&#8221; button_font=&#8221;||||&#8221; button_use_icon=&#8221;default&#8221; button_icon_placement=&#8221;right&#8221; button_on_hover=&#8221;on&#8221; header_letter_spacing=&#8221;2px&#8221; header_letter_spacing_tablet=&#8221;2px&#8221; header_letter_spacing_phone=&#8221;2px&#8221;]<\/p>\n<p>Realizamos servi\u00e7os em motores, el\u00e9trica e eletr\u00f4nica, transmiss\u00e3o, freios e suspens\u00e3o, lubrificantes e flu\u00eddos, ar condicionado, pneus, baterias, alinhamento e balanceamento, prepara\u00e7\u00e3o e<strong> muitos outros.<\/strong><\/p>\n<p>[\/et_pb_slide] [\/et_pb_fullwidth_slider][\/et_pb_section][et_pb_section admin_label=&#8221;Section&#8221; fullwidth=&#8221;off&#8221; specialty=&#8221;off&#8221;][et_pb_row admin_label=&#8221;Row&#8221;][et_pb_column type=&#8221;1_4&#8243;][et_pb_image admin_label=&#8221;Audi&#8221; src=&#8221;http:\/\/avgd.com.br\/AVGD\/wp-content\/uploads\/2014\/10\/audi-1.png&#8221; alt=&#8221;Especialista em Audi&#8221; title_text=&#8221;Especialista em Audi&#8221; show_in_lightbox=&#8221;off&#8221; url=&#8221;http:\/\/avgd.com.br\/AVGD\/oficina-especializada-em-audi\/&#8221; url_new_window=&#8221;off&#8221; use_overlay=&#8221;off&#8221; animation=&#8221;off&#8221; sticky=&#8221;off&#8221; align=&#8221;center&#8221; force_fullwidth=&#8221;off&#8221; always_center_on_mobile=&#8221;on&#8221; use_border_color=&#8221;off&#8221; border_color=&#8221;#ffffff&#8221; border_style=&#8221;solid&#8221;] [\/et_pb_image][\/et_pb_column][et_pb_column type=&#8221;1_4&#8243;][et_pb_image admin_label=&#8221;BMW&#8221; src=&#8221;http:\/\/avgd.com.br\/AVGD\/wp-content\/uploads\/2014\/10\/bmw.png&#8221; alt=&#8221;Especialista em BMW&#8221; title_text=&#8221;Especialista em BMW&#8221; show_in_lightbox=&#8221;off&#8221; url=&#8221;http:\/\/avgd.com.br\/AVGD\/oficina-especializada-em-bmw\/&#8221; url_new_window=&#8221;off&#8221; use_overlay=&#8221;off&#8221; animation=&#8221;off&#8221; sticky=&#8221;off&#8221; align=&#8221;center&#8221; force_fullwidth=&#8221;off&#8221; always_center_on_mobile=&#8221;on&#8221; use_border_color=&#8221;off&#8221; border_color=&#8221;#ffffff&#8221; border_style=&#8221;solid&#8221;] [\/et_pb_image][\/et_pb_column][et_pb_column type=&#8221;1_4&#8243;][et_pb_image admin_label=&#8221;Mercedes&#8221; src=&#8221;http:\/\/avgd.com.br\/AVGD\/wp-content\/uploads\/2014\/10\/mercedes.png&#8221; alt=&#8221;Especialista em Mercedes&#8221; title_text=&#8221;Especialista em Mercedes&#8221; show_in_lightbox=&#8221;off&#8221; url=&#8221;http:\/\/avgd.com.br\/AVGD\/oficina-especializada-em-mercedes\/&#8221; url_new_window=&#8221;off&#8221; use_overlay=&#8221;off&#8221; animation=&#8221;off&#8221; sticky=&#8221;off&#8221; align=&#8221;center&#8221; force_fullwidth=&#8221;off&#8221; always_center_on_mobile=&#8221;on&#8221; use_border_color=&#8221;off&#8221; border_color=&#8221;#ffffff&#8221; border_style=&#8221;solid&#8221;] [\/et_pb_image][\/et_pb_column][et_pb_column type=&#8221;1_4&#8243;][et_pb_image admin_label=&#8221;Porsche&#8221; src=&#8221;http:\/\/avgd.com.br\/AVGD\/wp-content\/uploads\/2014\/10\/porsche-1.png&#8221; alt=&#8221;Especialista em Porsche&#8221; title_text=&#8221;Especialista em Porsche&#8221; show_in_lightbox=&#8221;off&#8221; url=&#8221;http:\/\/avgd.com.br\/AVGD\/oficina-especializada-em-porsche\/&#8221; url_new_window=&#8221;off&#8221; use_overlay=&#8221;off&#8221; animation=&#8221;off&#8221; sticky=&#8221;off&#8221; align=&#8221;center&#8221; force_fullwidth=&#8221;off&#8221; always_center_on_mobile=&#8221;on&#8221; use_border_color=&#8221;off&#8221; border_color=&#8221;#ffffff&#8221; border_style=&#8221;solid&#8221;] [\/et_pb_image][\/et_pb_column][\/et_pb_row][et_pb_row admin_label=&#8221;Row&#8221;][et_pb_column type=&#8221;1_4&#8243;][et_pb_image admin_label=&#8221;LandRover&#8221; src=&#8221;http:\/\/avgd.com.br\/AVGD\/wp-content\/uploads\/2014\/10\/land-rover.png&#8221; alt=&#8221;Especialista em Land Rover&#8221; title_text=&#8221;Especialista em Land Rover&#8221; show_in_lightbox=&#8221;off&#8221; url=&#8221;http:\/\/avgd.com.br\/AVGD\/oficina-especializada-em-land-rover-e-range-rover\/&#8221; url_new_window=&#8221;off&#8221; use_overlay=&#8221;off&#8221; animation=&#8221;off&#8221; sticky=&#8221;off&#8221; align=&#8221;center&#8221; force_fullwidth=&#8221;off&#8221; always_center_on_mobile=&#8221;on&#8221; use_border_color=&#8221;off&#8221; border_color=&#8221;#ffffff&#8221; border_style=&#8221;solid&#8221;] [\/et_pb_image][\/et_pb_column][et_pb_column type=&#8221;1_4&#8243;][et_pb_image admin_label=&#8221;Volvo&#8221; src=&#8221;http:\/\/avgd.com.br\/AVGD\/wp-content\/uploads\/2014\/10\/volvo.png&#8221; alt=&#8221;Especialista em Volvo&#8221; title_text=&#8221;Especialista em Volvo&#8221; show_in_lightbox=&#8221;off&#8221; url=&#8221;http:\/\/avgd.com.br\/AVGD\/oficina-especializada-em-volvo\/&#8221; url_new_window=&#8221;off&#8221; use_overlay=&#8221;off&#8221; animation=&#8221;off&#8221; sticky=&#8221;off&#8221; align=&#8221;center&#8221; force_fullwidth=&#8221;off&#8221; always_center_on_mobile=&#8221;on&#8221; use_border_color=&#8221;off&#8221; border_color=&#8221;#ffffff&#8221; border_style=&#8221;solid&#8221;] [\/et_pb_image][\/et_pb_column][et_pb_column type=&#8221;1_4&#8243;][et_pb_image admin_label=&#8221;Chrysler Dodge Jeep&#8221; src=&#8221;http:\/\/avgd.com.br\/AVGD\/wp-content\/uploads\/2014\/10\/chryslerdodgejeep.png&#8221; alt=&#8221;Especialista em Chrysler, Dodge &amp; Jeep.&#8221; title_text=&#8221;Especialista em Chrysler, Dodge &amp; Jeep.&#8221; show_in_lightbox=&#8221;off&#8221; url=&#8221;http:\/\/avgd.com.br\/AVGD\/oficina-especializada-chrysler-dodge-jeep\/&#8221; url_new_window=&#8221;off&#8221; use_overlay=&#8221;off&#8221; animation=&#8221;off&#8221; sticky=&#8221;off&#8221; align=&#8221;center&#8221; force_fullwidth=&#8221;off&#8221; always_center_on_mobile=&#8221;on&#8221; use_border_color=&#8221;off&#8221; border_color=&#8221;#ffffff&#8221; border_style=&#8221;solid&#8221;] [\/et_pb_image][\/et_pb_column][et_pb_column type=&#8221;1_4&#8243;][et_pb_image admin_label=&#8221;Image&#8221; src=&#8221;http:\/\/avgd.com.br\/AVGD\/wp-content\/uploads\/2014\/10\/EXOTICOS-1.png&#8221; show_in_lightbox=&#8221;off&#8221; url_new_window=&#8221;off&#8221; use_overlay=&#8221;off&#8221; animation=&#8221;off&#8221; sticky=&#8221;off&#8221; align=&#8221;center&#8221; force_fullwidth=&#8221;off&#8221; always_center_on_mobile=&#8221;on&#8221; use_border_color=&#8221;off&#8221; border_color=&#8221;#ffffff&#8221; border_style=&#8221;solid&#8221;] [\/et_pb_image][\/et_pb_column][\/et_pb_row][\/et_pb_section][et_pb_section admin_label=&#8221;section&#8221; fullwidth=&#8221;on&#8221; specialty=&#8221;off&#8221; background_image=&#8221;http:\/\/avgd.com.br\/AVGD\/wp-content\/uploads\/2014\/10\/Fotos11.jpg&#8221; transparent_background=&#8221;off&#8221; inner_shadow=&#8221;off&#8221; parallax=&#8221;off&#8221; parallax_method=&#8221;off&#8221; allow_player_pause=&#8221;off&#8221; padding_mobile=&#8221;off&#8221; make_fullwidth=&#8221;off&#8221; use_custom_width=&#8221;off&#8221; width_unit=&#8221;on&#8221; make_equal=&#8221;off&#8221; use_custom_gutter=&#8221;off&#8221;][et_pb_fullwidth_header admin_label=&#8221;Fullwidth Header&#8221; background_layout=&#8221;light&#8221; text_orientation=&#8221;left&#8221; title=&#8221; &#8220;] [\/et_pb_fullwidth_header][\/et_pb_section][et_pb_section admin_label=&#8221;section&#8221; fullwidth=&#8221;off&#8221; specialty=&#8221;off&#8221; transparent_background=&#8221;off&#8221; background_color=&#8221;#1f3e5e&#8221; inner_shadow=&#8221;off&#8221; parallax=&#8221;off&#8221; parallax_method=&#8221;off&#8221; allow_player_pause=&#8221;off&#8221; padding_mobile=&#8221;off&#8221; make_fullwidth=&#8221;off&#8221; use_custom_width=&#8221;off&#8221; width_unit=&#8221;on&#8221; make_equal=&#8221;off&#8221; use_custom_gutter=&#8221;off&#8221;][et_pb_row admin_label=&#8221;Row&#8221;][et_pb_column type=&#8221;1_4&#8243;][et_pb_blurb admin_label=&#8221;Scanners Originais&#8221; title=&#8221;Scanners Originais&#8221; url_new_window=&#8221;off&#8221; use_icon=&#8221;on&#8221; font_icon=&#8221;%%146%%&#8221; icon_color=&#8221;#ff6600&#8243; use_circle=&#8221;on&#8221; circle_color=&#8221;#ffffff&#8221; use_circle_border=&#8221;off&#8221; circle_border_color=&#8221;#ff6600&#8243; icon_placement=&#8221;top&#8221; animation=&#8221;top&#8221; background_layout=&#8221;dark&#8221; text_orientation=&#8221;center&#8221; use_icon_font_size=&#8221;off&#8221; use_border_color=&#8221;off&#8221; border_color=&#8221;#ffffff&#8221; border_style=&#8221;solid&#8221;]<\/p>\n<p>Possu\u00edmos os mesmos equipamentos utilizados pelos concession\u00e1rios de marcas como Audi, Bentley, BMW, Jaguar, Mercedes-Benz, Lamborghini, Land Rover, Porsche e Volvo, com plena capacidade de diagn\u00f3stico e configura\u00e7\u00e3o dos ve\u00edculos.<\/p>\n<p>[\/et_pb_blurb][\/et_pb_column][et_pb_column type=&#8221;1_4&#8243;][et_pb_blurb admin_label=&#8221;Hunter&#8221; title=&#8221;Novas Tecnologias&#8221; url_new_window=&#8221;off&#8221; use_icon=&#8221;on&#8221; font_icon=&#8221;%%169%%&#8221; icon_color=&#8221;#ff6600&#8243; use_circle=&#8221;on&#8221; circle_color=&#8221;#ffffff&#8221; use_circle_border=&#8221;off&#8221; circle_border_color=&#8221;#ff6600&#8243; icon_placement=&#8221;top&#8221; animation=&#8221;top&#8221; background_layout=&#8221;dark&#8221; text_orientation=&#8221;center&#8221; use_icon_font_size=&#8221;off&#8221; use_border_color=&#8221;off&#8221; border_color=&#8221;#ffffff&#8221; border_style=&#8221;solid&#8221;]<\/p>\n<p>Buscamos novas tecnologias exclusivas que definem o futuro da manuten\u00e7\u00e3o automotiva: Scanners Oficiais, Dinam\u00f4metro 4&#215;4, Alinhadora WinAlign Hunter Elite (o primeiro no Brasil), Balanceadora Hunter Roadforce, ferramentas italianas Beta.<\/p>\n<p>[\/et_pb_blurb][\/et_pb_column][et_pb_column type=&#8221;1_4&#8243;][et_pb_blurb admin_label=&#8221;Ferramentas&#8221; title=&#8221;Profissionais Experientes&#8221; url_new_window=&#8221;off&#8221; use_icon=&#8221;on&#8221; font_icon=&#8221;%%149%%&#8221; icon_color=&#8221;#ff6600&#8243; use_circle=&#8221;on&#8221; circle_color=&#8221;#ffffff&#8221; use_circle_border=&#8221;off&#8221; circle_border_color=&#8221;#ff6600&#8243; icon_placement=&#8221;top&#8221; animation=&#8221;top&#8221; background_layout=&#8221;dark&#8221; text_orientation=&#8221;center&#8221; use_icon_font_size=&#8221;off&#8221; use_border_color=&#8221;off&#8221; border_color=&#8221;#ffffff&#8221; border_style=&#8221;solid&#8221;]<\/p>\n<p>Um time de t\u00e9cnicos com conhecimento em manuten\u00e7\u00e3o de importados e em competi\u00e7\u00f5es, acompanhados da gest\u00e3o com vasta experi\u00eancia no setor de manuten\u00e7\u00e3o automotiva independente e p\u00f3s-venda de concession\u00e1rias.<\/p>\n<p>[\/et_pb_blurb][\/et_pb_column][et_pb_column type=&#8221;1_4&#8243;][et_pb_blurb admin_label=&#8221;Pe\u00e7as&#8221; title=&#8221;Qualidade em Pe\u00e7as&#8221; url_new_window=&#8221;off&#8221; use_icon=&#8221;on&#8221; font_icon=&#8221;%%151%%&#8221; icon_color=&#8221;#ff6600&#8243; use_circle=&#8221;on&#8221; circle_color=&#8221;#ffffff&#8221; use_circle_border=&#8221;off&#8221; circle_border_color=&#8221;#ff6600&#8243; icon_placement=&#8221;top&#8221; animation=&#8221;top&#8221; background_layout=&#8221;dark&#8221; text_orientation=&#8221;center&#8221; use_icon_font_size=&#8221;off&#8221; use_border_color=&#8221;off&#8221; border_color=&#8221;#ffffff&#8221; border_style=&#8221;solid&#8221;]<\/p>\n<p>Parcerias comerciais com as melhores marcas, compra direta com o fabricante sem o interm\u00e9dio da montadora ou a importa\u00e7\u00e3o de pe\u00e7as originais do exterior. Oferecemos diversas solu\u00e7\u00f5es para que voc\u00ea sempre tenha a melhor op\u00e7\u00e3o em qualidade, pre\u00e7o e prazo.<\/p>\n<p>[\/et_pb_blurb][\/et_pb_column][\/et_pb_row][\/et_pb_section][et_pb_section admin_label=&#8221;section&#8221; fullwidth=&#8221;on&#8221; specialty=&#8221;off&#8221; background_image=&#8221;http:\/\/avgd.com.br\/AVGD\/wp-content\/uploads\/2014\/10\/Fotos2.jpg&#8221; transparent_background=&#8221;off&#8221; background_color=&#8221;#ffffff&#8221; inner_shadow=&#8221;off&#8221; parallax=&#8221;off&#8221; parallax_method=&#8221;off&#8221;][et_pb_fullwidth_header admin_label=&#8221;Fullwidth Header&#8221; background_layout=&#8221;light&#8221; text_orientation=&#8221;left&#8221; title=&#8221; &#8220;] [\/et_pb_fullwidth_header][\/et_pb_section]<\/p>\n","protected":false},"excerpt":{"rendered":"<p>[et_pb_section admin_label=&#8221;Section&#8221; fullwidth=&#8221;on&#8221; specialty=&#8221;off&#8221;][et_pb_fullwidth_slider admin_label=&#8221;Fullwidth Slider&#8221; show_arrows=&#8221;on&#8221; show_pagination=&#8221;on&#8221; auto=&#8221;off&#8221; auto_ignore_hover=&#8221;off&#8221; parallax=&#8221;off&#8221; parallax_method=&#8221;off&#8221; remove_inner_shadow=&#8221;off&#8221; background_position=&#8221;default&#8221; background_size=&#8221;default&#8221; hide_content_on_mobile=&#8221;off&#8221; hide_cta_on_mobile=&#8221;off&#8221; show_image_video_mobile=&#8221;off&#8221; custom_button=&#8221;off&#8221; button_letter_spacing=&#8221;0&#8243; button_use_icon=&#8221;default&#8221; button_icon_placement=&#8221;right&#8221; button_on_hover=&#8221;on&#8221; button_letter_spacing_hover=&#8221;0&#8243;] [et_pb_slide heading=&#8221;Oficina Especializada em Importados&#8221; background_image=&#8221;http:\/\/avgd.com.br\/AVGD\/wp-content\/uploads\/2016\/10\/Lounge3.jpg&#8221; background_position=&#8221;default&#8221; background_size=&#8221;default&#8221; background_color=&#8221;#ffffff&#8221; use_bg_overlay=&#8221;off&#8221; use_text_overlay=&#8221;off&#8221; alignment=&#8221;center&#8221; background_layout=&#8221;dark&#8221; allow_player_pause=&#8221;off&#8221; text_border_radius=&#8221;3&#8243; header_font_select=&#8221;default&#8221; header_font=&#8221;|on||on|&#8221; body_font_select=&#8221;default&#8221; body_font=&#8221;||||&#8221; custom_button=&#8221;off&#8221; button_font_select=&#8221;default&#8221; button_font=&#8221;||||&#8221; button_use_icon=&#8221;default&#8221; button_icon_placement=&#8221;right&#8221; button_on_hover=&#8221;on&#8221; header_letter_spacing=&#8221;2px&#8221; header_letter_spacing_tablet=&#8221;2px&#8221; header_letter_spacing_phone=&#8221;2px&#8221;] Realizamos servi\u00e7os em [&hellip;]<\/p>\n","protected":false},"author":1,"featured_media":0,"parent":0,"menu_order":2,"comment_status":"closed","ping_status":"closed","template":"","meta":{"_et_pb_use_builder":"on","_et_pb_old_content":"","_et_gb_content_width":"","footnotes":""},"class_list":["post-49","page","type-page","status-publish","hentry"],"_links":{"self":[{"href":"https:\/\/avgd.com.br\/AVGD\/wp-json\/wp\/v2\/pages\/49","targetHints":{"allow":["GET"]}}],"collection":[{"href":"https:\/\/avgd.com.br\/AVGD\/wp-json\/wp\/v2\/pages"}],"about":[{"href":"https:\/\/avgd.com.br\/AVGD\/wp-json\/wp\/v2\/types\/page"}],"author":[{"embeddable":true,"href":"https:\/\/avgd.com.br\/AVGD\/wp-json\/wp\/v2\/users\/1"}],"replies":[{"embeddable":true,"href":"https:\/\/avgd.com.br\/AVGD\/wp-json\/wp\/v2\/comments?post=49"}],"version-history":[{"count":1,"href":"https:\/\/avgd.com.br\/AVGD\/wp-json\/wp\/v2\/pages\/49\/revisions"}],"predecessor-version":[{"id":3015,"href":"https:\/\/avgd.com.br\/AVGD\/wp-json\/wp\/v2\/pages\/49\/revisions\/3015"}],"wp:attachment":[{"href":"https:\/\/avgd.com.br\/AVGD\/wp-json\/wp\/v2\/media?parent=49"}],"curies":[{"name":"wp","href":"https:\/\/api.w.org\/{rel}","templated":true}]}}