{"id":41,"date":"2014-10-28T22:21:35","date_gmt":"2014-10-28T22:21:35","guid":{"rendered":"http:\/\/avgd.com.br\/AVGD\/?page_id=41"},"modified":"2020-11-19T00:35:50","modified_gmt":"2020-11-19T02:35:50","slug":"inicio","status":"publish","type":"page","link":"https:\/\/avgd.com.br\/AVGD\/","title":{"rendered":"In\u00edcio"},"content":{"rendered":"<p>[et_pb_section fb_built=&#8221;1&#8243; inner_shadow=&#8221;on&#8221; fullwidth=&#8221;on&#8221; admin_label=&#8221;section&#8221; _builder_version=&#8221;3.22&#8243;][et_pb_fullwidth_slider show_image_video_mobile=&#8221;on&#8221; _builder_version=&#8221;4.7.1&#8243; header_font=&#8221;|on||on|&#8221; header_letter_spacing=&#8221;2px&#8221; background_position=&#8221;top_left&#8221; custom_padding=&#8221;|||&#8221; auto=&#8221;on&#8221; auto_speed=&#8221;9000&#8243; hover_enabled=&#8221;0&#8243; box_shadow_style=&#8221;preset6&#8243; box_shadow_blur=&#8221;10px&#8221; box_shadow_color=&#8221;rgba(0,0,0,0.1)&#8221; show_inner_shadow=&#8221;on&#8221; button_text_size__hover_enabled=&#8221;off&#8221; button_one_text_size__hover_enabled=&#8221;off&#8221; button_two_text_size__hover_enabled=&#8221;off&#8221; button_text_color__hover_enabled=&#8221;off&#8221; button_one_text_color__hover_enabled=&#8221;off&#8221; button_two_text_color__hover_enabled=&#8221;off&#8221; button_border_width__hover_enabled=&#8221;off&#8221; button_one_border_width__hover_enabled=&#8221;off&#8221; button_two_border_width__hover_enabled=&#8221;off&#8221; button_border_color__hover_enabled=&#8221;off&#8221; button_one_border_color__hover_enabled=&#8221;off&#8221; button_two_border_color__hover_enabled=&#8221;off&#8221; button_border_radius__hover_enabled=&#8221;off&#8221; button_one_border_radius__hover_enabled=&#8221;off&#8221; button_two_border_radius__hover_enabled=&#8221;off&#8221; button_letter_spacing__hover_enabled=&#8221;off&#8221; button_one_letter_spacing__hover_enabled=&#8221;off&#8221; button_two_letter_spacing__hover_enabled=&#8221;off&#8221; button_bg_color__hover_enabled=&#8221;off&#8221; button_one_bg_color__hover_enabled=&#8221;off&#8221; button_two_bg_color__hover_enabled=&#8221;off&#8221; sticky_enabled=&#8221;0&#8243;][et_pb_slide heading=&#8221;Descubra a AvantGarde no Youtube&#8221; button_text=&#8221;Acessar ao Canal&#8221; button_link=&#8221;https:\/\/www.youtube.com\/channel\/UC47lvrr9T4247nvAfLL2kiA&#8221; button_text_last_edited=&#8221;off|desktop&#8221; _builder_version=&#8221;4.7.1&#8243; background_color=&#8221;#000c42&#8243; background_enable_color=&#8221;on&#8221; background_image=&#8221;https:\/\/avgd.com.br\/AVGD\/wp-content\/uploads\/2017\/05\/E63STG1BG.jpg&#8221; background_enable_image=&#8221;on&#8221; button_text__hover_enabled=&#8221;off|desktop&#8221; sticky_transition=&#8221;on&#8221; video_url=&#8221;https:\/\/www.youtube.com\/watch?v=36u_8h4tvdQ&#8221; hover_enabled=&#8221;0&#8243; sticky_enabled=&#8221;0&#8243;]<\/p>\n<p>S\u00e3o diversos v\u00eddeos detalhando projetos, servi\u00e7os e todo o know-how t\u00e9cnico da oficina em diversos v\u00eddeos, desde manuten\u00e7\u00f5es at\u00e9 prepara\u00e7\u00f5es dos projetos mais exclusivos. N\u00e3o esque\u00e7a de se inscrever para n\u00e3o perder os novos v\u00eddeos. Mais de 1 por semana!<\/p>\n<p>[\/et_pb_slide][et_pb_slide heading=&#8221;Intakes Eventuri&#8221; button_text=&#8221;Saiba mais&#8221; button_link=&#8221;https:\/\/avgd.com.br\/AVGD\/intake-eventuri\/&#8221; use_bg_overlay=&#8221;off&#8221; use_text_overlay=&#8221;off&#8221; video_url=&#8221;https:\/\/www.youtube.com\/watch?v=bITVEi54YqI&#8221; _builder_version=&#8221;3.16&#8243; header_font=&#8221;||||||||&#8221; background_color=&#8221;#ffffff&#8221; background_image=&#8221;https:\/\/avgd.com.br\/AVGD\/wp-content\/uploads\/2018\/01\/EventuriBG2.jpg&#8221; button_on_hover=&#8221;on&#8221; button_text_size__hover_enabled=&#8221;off&#8221; button_one_text_size__hover_enabled=&#8221;off&#8221; button_two_text_size__hover_enabled=&#8221;off&#8221; button_text_color__hover_enabled=&#8221;off&#8221; button_one_text_color__hover_enabled=&#8221;off&#8221; button_two_text_color__hover_enabled=&#8221;off&#8221; button_border_width__hover_enabled=&#8221;off&#8221; button_one_border_width__hover_enabled=&#8221;off&#8221; button_two_border_width__hover_enabled=&#8221;off&#8221; button_border_color__hover_enabled=&#8221;off&#8221; button_one_border_color__hover_enabled=&#8221;off&#8221; button_two_border_color__hover_enabled=&#8221;off&#8221; button_border_radius__hover_enabled=&#8221;off&#8221; button_one_border_radius__hover_enabled=&#8221;off&#8221; button_two_border_radius__hover_enabled=&#8221;off&#8221; button_letter_spacing__hover_enabled=&#8221;off&#8221; button_one_letter_spacing__hover_enabled=&#8221;off&#8221; button_two_letter_spacing__hover_enabled=&#8221;off&#8221; button_bg_color__hover_enabled=&#8221;off&#8221; button_one_bg_color__hover_enabled=&#8221;off&#8221; button_two_bg_color__hover_enabled=&#8221;off&#8221; sticky_transition=&#8221;on&#8221;]A tecnologia no estado de arte. A AvantGarde traz com exclusividade para o Brasil os Intakes da inglesa Eventuri, que com sua tecnologia patenteada entrega n\u00edveis de desempenho, acabamento e materiais que redefiniram o padr\u00e3o de qualidade do segmento.<br \/>\n[\/et_pb_slide][et_pb_slide heading=&#8221;Oficina Especializada em Importados&#8221; button_text=&#8221;Saiba Mais&#8221; button_link=&#8221;http:\/\/www.avgd.com.br\/AVGD\/conceito\/&#8221; use_bg_overlay=&#8221;off&#8221; use_text_overlay=&#8221;off&#8221; alignment=&#8221;bottom&#8221; admin_title=&#8221;Manutencao&#8221; _builder_version=&#8221;3.16&#8243; header_font=&#8221;||||&#8221; body_font=&#8221;||||&#8221; background_color=&#8221;#cccccc&#8221; background_image=&#8221;https:\/\/avgd.com.br\/AVGD\/wp-content\/uploads\/2016\/10\/Lounge3.jpg&#8221; button_icon_placement=&#8221;right&#8221; button_on_hover=&#8221;on&#8221; button_text_size__hover_enabled=&#8221;off&#8221; button_one_text_size__hover_enabled=&#8221;off&#8221; button_two_text_size__hover_enabled=&#8221;off&#8221; button_text_color__hover_enabled=&#8221;off&#8221; button_one_text_color__hover_enabled=&#8221;off&#8221; button_two_text_color__hover_enabled=&#8221;off&#8221; button_border_width__hover_enabled=&#8221;off&#8221; button_one_border_width__hover_enabled=&#8221;off&#8221; button_two_border_width__hover_enabled=&#8221;off&#8221; button_border_color__hover_enabled=&#8221;off&#8221; button_one_border_color__hover_enabled=&#8221;off&#8221; button_two_border_color__hover_enabled=&#8221;off&#8221; button_border_radius__hover_enabled=&#8221;off&#8221; button_one_border_radius__hover_enabled=&#8221;off&#8221; button_two_border_radius__hover_enabled=&#8221;off&#8221; button_letter_spacing__hover_enabled=&#8221;off&#8221; button_one_letter_spacing__hover_enabled=&#8221;off&#8221; button_two_letter_spacing__hover_enabled=&#8221;off&#8221; button_bg_color__hover_enabled=&#8221;off&#8221; button_one_bg_color__hover_enabled=&#8221;off&#8221; button_two_bg_color__hover_enabled=&#8221;off&#8221; sticky_transition=&#8221;on&#8221;]Prontos para atender principais marcas: Audi, BMW, Land Rover, Mercedes Benz, Porsche, Volvo e Ex\u00f3ticos.<br \/>\n[\/et_pb_slide][\/et_pb_fullwidth_slider][\/et_pb_section]<\/p>\n","protected":false},"excerpt":{"rendered":"<p>[et_pb_section fb_built=&#8221;1&#8243; inner_shadow=&#8221;on&#8221; fullwidth=&#8221;on&#8221; admin_label=&#8221;section&#8221; _builder_version=&#8221;3.22&#8243;][et_pb_fullwidth_slider show_image_video_mobile=&#8221;on&#8221; _builder_version=&#8221;4.7.1&#8243; header_font=&#8221;|on||on|&#8221; header_letter_spacing=&#8221;2px&#8221; background_position=&#8221;top_left&#8221; custom_padding=&#8221;|||&#8221; auto=&#8221;on&#8221; auto_speed=&#8221;9000&#8243; hover_enabled=&#8221;0&#8243; box_shadow_style=&#8221;preset6&#8243; box_shadow_blur=&#8221;10px&#8221; box_shadow_color=&#8221;rgba(0,0,0,0.1)&#8221; show_inner_shadow=&#8221;on&#8221; button_text_size__hover_enabled=&#8221;off&#8221; button_one_text_size__hover_enabled=&#8221;off&#8221; button_two_text_size__hover_enabled=&#8221;off&#8221; button_text_color__hover_enabled=&#8221;off&#8221; button_one_text_color__hover_enabled=&#8221;off&#8221; button_two_text_color__hover_enabled=&#8221;off&#8221; button_border_width__hover_enabled=&#8221;off&#8221; button_one_border_width__hover_enabled=&#8221;off&#8221; button_two_border_width__hover_enabled=&#8221;off&#8221; button_border_color__hover_enabled=&#8221;off&#8221; button_one_border_color__hover_enabled=&#8221;off&#8221; button_two_border_color__hover_enabled=&#8221;off&#8221; button_border_radius__hover_enabled=&#8221;off&#8221; button_one_border_radius__hover_enabled=&#8221;off&#8221; button_two_border_radius__hover_enabled=&#8221;off&#8221; button_letter_spacing__hover_enabled=&#8221;off&#8221; button_one_letter_spacing__hover_enabled=&#8221;off&#8221; button_two_letter_spacing__hover_enabled=&#8221;off&#8221; button_bg_color__hover_enabled=&#8221;off&#8221; button_one_bg_color__hover_enabled=&#8221;off&#8221; button_two_bg_color__hover_enabled=&#8221;off&#8221; sticky_enabled=&#8221;0&#8243;][et_pb_slide heading=&#8221;Descubra a AvantGarde no Youtube&#8221; button_text=&#8221;Acessar ao Canal&#8221; button_link=&#8221;https:\/\/www.youtube.com\/channel\/UC47lvrr9T4247nvAfLL2kiA&#8221; button_text_last_edited=&#8221;off|desktop&#8221; _builder_version=&#8221;4.7.1&#8243; background_color=&#8221;#000c42&#8243; background_enable_color=&#8221;on&#8221; background_image=&#8221;https:\/\/avgd.com.br\/AVGD\/wp-content\/uploads\/2017\/05\/E63STG1BG.jpg&#8221; [&hellip;]<\/p>\n","protected":false},"author":1,"featured_media":0,"parent":0,"menu_order":1,"comment_status":"closed","ping_status":"closed","template":"","meta":{"_et_pb_use_builder":"on","_et_pb_old_content":"","_et_gb_content_width":"","footnotes":""},"class_list":["post-41","page","type-page","status-publish","hentry"],"_links":{"self":[{"href":"https:\/\/avgd.com.br\/AVGD\/wp-json\/wp\/v2\/pages\/41","targetHints":{"allow":["GET"]}}],"collection":[{"href":"https:\/\/avgd.com.br\/AVGD\/wp-json\/wp\/v2\/pages"}],"about":[{"href":"https:\/\/avgd.com.br\/AVGD\/wp-json\/wp\/v2\/types\/page"}],"author":[{"embeddable":true,"href":"https:\/\/avgd.com.br\/AVGD\/wp-json\/wp\/v2\/users\/1"}],"replies":[{"embeddable":true,"href":"https:\/\/avgd.com.br\/AVGD\/wp-json\/wp\/v2\/comments?post=41"}],"version-history":[{"count":1,"href":"https:\/\/avgd.com.br\/AVGD\/wp-json\/wp\/v2\/pages\/41\/revisions"}],"predecessor-version":[{"id":6721,"href":"https:\/\/avgd.com.br\/AVGD\/wp-json\/wp\/v2\/pages\/41\/revisions\/6721"}],"wp:attachment":[{"href":"https:\/\/avgd.com.br\/AVGD\/wp-json\/wp\/v2\/media?parent=41"}],"curies":[{"name":"wp","href":"https:\/\/api.w.org\/{rel}","templated":true}]}}