{"id":3623,"date":"2018-05-20T16:25:48","date_gmt":"2018-05-20T18:25:48","guid":{"rendered":"http:\/\/avgd.com.br\/AVGD\/?page_id=3623"},"modified":"2018-05-20T19:12:38","modified_gmt":"2018-05-20T21:12:38","slug":"embreagens-dodson","status":"publish","type":"page","link":"https:\/\/avgd.com.br\/AVGD\/performance\/embreagens-dodson\/","title":{"rendered":"Embreagens Dodson Motorsport"},"content":{"rendered":"<p>[et_pb_section bb_built=&#8221;1&#8243; fullwidth=&#8221;on&#8221; _builder_version=&#8221;3.0.94&#8243;][et_pb_fullwidth_slider _builder_version=&#8221;3.0.94&#8243; header_text_align=&#8221;left&#8221; header_font_size=&#8221;50px&#8221; body_font=&#8221;|||on|||||&#8221; body_font_size=&#8221;24px&#8221; body_font_size_last_edited=&#8221;on|desktop&#8221; body_letter_spacing=&#8221;1px&#8221; background_position=&#8221;top_left&#8221; text_orientation=&#8221;left&#8221;][et_pb_slide heading=&#8221;DODSON MOTORSPORT&#8221; image=&#8221;http:\/\/avgd.com.br\/AVGD\/wp-content\/uploads\/2018\/05\/dodsonlogo.png&#8221; use_bg_overlay=&#8221;off&#8221; use_text_overlay=&#8221;off&#8221; _builder_version=&#8221;3.0.94&#8243; header_font=&#8221;|700||on|||||&#8221; header_font_size_phone=&#8221;40px&#8221; header_font_size_last_edited=&#8221;on|phone&#8221; header_letter_spacing=&#8221;2px&#8221; header_letter_spacing_tablet=&#8221;2px&#8221; header_letter_spacing_phone=&#8221;2px&#8221; header_text_shadow_style=&#8221;preset1&#8243; body_font=&#8221;|300|||||||&#8221; background_color=&#8221;rgba(0,0,0,0.84)&#8221; background_image=&#8221;http:\/\/avgd.com.br\/AVGD\/wp-content\/uploads\/2018\/05\/header.jpg&#8221; parallax=&#8221;on&#8221; parallax_method=&#8221;off&#8221; custom_button=&#8221;off&#8221; button_on_hover=&#8221;on&#8221;]<\/p>\n<p style=\"text-align: left;\">Revendedor e Instalador Autorizado<\/p>\n<p>[\/et_pb_slide][\/et_pb_fullwidth_slider][\/et_pb_section][et_pb_section bb_built=&#8221;1&#8243; admin_label=&#8221;section&#8221; _builder_version=&#8221;3.0.94&#8243;][et_pb_row _builder_version=&#8221;3.0.94&#8243; background_size=&#8221;initial&#8221; background_position=&#8221;top_left&#8221; background_repeat=&#8221;repeat&#8221;][et_pb_column type=&#8221;1_3&#8243;][et_pb_text _builder_version=&#8221;3.0.94&#8243; header_font_size=&#8221;45px&#8221; header_font_size_phone=&#8221;22px&#8221; header_font_size_last_edited=&#8221;on|phone&#8221; header_letter_spacing=&#8221;2px&#8221; background_size=&#8221;initial&#8221; background_position=&#8221;top_left&#8221; background_repeat=&#8221;repeat&#8221; use_border_color=&#8221;off&#8221;]<\/p>\n<h1><strong>L\u00cdDERES MUNDIAIS EM DUPLA EMBREAGEM <\/strong><\/h1>\n<p>A <strong>Dodson Motorsport<\/strong> \u00e9 l\u00edder mundial em desenvolvimento e fabrica\u00e7\u00e3o de componentes para upgrades de transmiss\u00f5es automatizadas de dupla embreagem. Desde pacotes de embreagens, lubrificantes de alta performance, e outros componentes perif\u00e9ricos, na <strong>AvantGarde<\/strong> voc\u00ea encontra a linha completa de upgrades <strong>Dodson<\/strong> para transmiss\u00f5es <strong>Audi S-Tronic, BMW DCT, Lamborghini Doppia Frizione, Porsche PDK e Volkswagen DSG.<\/strong><\/p>\n<p>[\/et_pb_text][\/et_pb_column][et_pb_column type=&#8221;2_3&#8243;][et_pb_video src=&#8221;https:\/\/www.youtube.com\/watch?v=a2h2BCwjIyk&#8221; image_src=&#8221;http:\/\/avgd.com.br\/AVGD\/wp-content\/uploads\/2018\/05\/Top-Plate.jpg&#8221; _builder_version=&#8221;3.0.94&#8243; \/][\/et_pb_column][\/et_pb_row][\/et_pb_section][et_pb_section bb_built=&#8221;1&#8243; background_color=&#8221;rgba(2,2,2,0.86)&#8221; inner_shadow=&#8221;on&#8221; custom_padding_last_edited=&#8221;on|desktop&#8221; _builder_version=&#8221;3.0.94&#8243; background_image=&#8221;http:\/\/avgd.com.br\/AVGD\/wp-content\/uploads\/2018\/05\/embreagemdodson2.jpg&#8221; parallax=&#8221;on&#8221; parallax_method=&#8221;off&#8221; custom_padding_tablet=&#8221;50px|0|50px|0&#8243;][et_pb_row _builder_version=&#8221;3.0.47&#8243; background_size=&#8221;initial&#8221; background_position=&#8221;top_left&#8221; background_repeat=&#8221;repeat&#8221;][et_pb_column type=&#8221;1_2&#8243;][et_pb_text admin_label=&#8221;RECORDE MUNDIAL&#8221; background_layout=&#8221;dark&#8221; _builder_version=&#8221;3.0.94&#8243; header_font_size=&#8221;40px&#8221; header_font_size_phone=&#8221;24px&#8221; header_font_size_last_edited=&#8221;on|phone&#8221; header_letter_spacing=&#8221;1px&#8221; background_size=&#8221;initial&#8221; background_position=&#8221;top_left&#8221; background_repeat=&#8221;repeat&#8221; use_border_color=&#8221;off&#8221;]<\/p>\n<h1><strong>RECORDES MUNDIAIS<\/strong><span style=\"color: #000000;\"><strong><br \/>\n<\/strong><\/span><\/h1>\n<p>Uma das barreiras mais comuns que se encontra em um projeto de prepara\u00e7\u00e3o s\u00e9rio s\u00e3o os componentes de transmiss\u00e3o originais. Os upgrades da Dodson permitem n\u00e3o apenas superar os limites de torque da transmiss\u00e3o original, mas a superar recordes mundiais. Os projetos mais extremos a n\u00edvel global batem recordes mundiais de pot\u00eancia e arrancada com kits de embreagem <strong>Dodson Motorsport.<\/strong><\/p>\n<p>[\/et_pb_text][\/et_pb_column][et_pb_column type=&#8221;1_2&#8243;][et_pb_text admin_label=&#8221;SERVI\u00c7O ESPECIALIZADO&#8221; background_layout=&#8221;dark&#8221; _builder_version=&#8221;3.0.94&#8243; header_font_size=&#8221;40px&#8221; header_font_size_phone=&#8221;24px&#8221; header_font_size_last_edited=&#8221;on|phone&#8221; header_letter_spacing=&#8221;1px&#8221; background_size=&#8221;initial&#8221; background_position=&#8221;top_left&#8221; background_repeat=&#8221;repeat&#8221; text_orientation=&#8221;right&#8221; use_border_color=&#8221;off&#8221;]<\/p>\n<h1><strong>SERVI\u00c7O ESPECIALIZADO<\/strong><span style=\"color: #000000;\"><strong><br \/>\n<\/strong><\/span><\/h1>\n<p>O processo de upgrade de uma transmiss\u00e3o de dupla embreagem requer m\u00e3o de obra especializada, ferramental espec\u00edfico, e equipamentos de diagn\u00f3stico e calibragem eletr\u00f4nica. A AvantGarde \u00e9 <strong>Representante Autorizado Dodson.\u00a0 <\/strong>Aqui voc\u00ea encontra uma oficina especializada para realizar servi\u00e7os de instala\u00e7\u00e3o, calibra\u00e7\u00e3o e manuten\u00e7\u00e3o do seu Kit Dodson.<\/p>\n<p>[\/et_pb_text][\/et_pb_column][\/et_pb_row][\/et_pb_section][et_pb_section bb_built=&#8221;1&#8243; _builder_version=&#8221;3.0.47&#8243;][et_pb_row _builder_version=&#8221;3.0.47&#8243; background_size=&#8221;initial&#8221; background_position=&#8221;top_left&#8221; background_repeat=&#8221;repeat&#8221;][et_pb_column type=&#8221;4_4&#8243;][et_pb_text _builder_version=&#8221;3.0.94&#8243; header_font=&#8221;|700||on|||||&#8221; header_font_size_phone=&#8221;24px&#8221; header_font_size_last_edited=&#8221;on|phone&#8221; header_letter_spacing=&#8221;2px&#8221; text_orientation=&#8221;right&#8221;]<\/p>\n<div class=\"et_pb_fullwidth_header_container left\">\n<div class=\"header-content-container center\">\n<div class=\"header-content\">\n<h1 class=\"et_pb_module_header\" style=\"text-align: left;\">LINHA DE PRODUTOS<\/h1>\n<\/div>\n<\/div>\n<\/div>\n<p>[\/et_pb_text][\/et_pb_column][\/et_pb_row][et_pb_row _builder_version=&#8221;3.0.47&#8243; background_size=&#8221;initial&#8221; background_position=&#8221;top_left&#8221; background_repeat=&#8221;repeat&#8221;][et_pb_column type=&#8221;1_4&#8243;][et_pb_testimonial admin_label=&#8221;AUDIVW&#8221; url_new_window=&#8221;on&#8221; portrait_url=&#8221;http:\/\/avgd.com.br\/AVGD\/wp-content\/uploads\/2017\/06\/audi1.jpg&#8221; quote_icon=&#8221;off&#8221; background_layout=&#8221;light&#8221; _builder_version=&#8221;3.0.94&#8243; use_background_color=&#8221;on&#8221; quote_icon_background_color=&#8221;#f5f5f5&#8243;]<\/p>\n<p><strong>AUDI \/ VW <\/strong><\/p>\n<p><a href=\"https:\/\/www.dodsonmotorsport.com\/audi\/vw-sportsmans-plus-clutch-kit.html\">DQ250\/02E Transversal<\/a><br \/>\nEx: A3, TT, S3, TTS, Golf GTI <\/p>\n<p><a href=\"https:\/\/www.dodsonmotorsport.com\/audi\/audir8-huracan-promax.html\">Audi R8 Promax<\/a><\/p>\n<p>[\/et_pb_testimonial][\/et_pb_column][et_pb_column type=&#8221;1_4&#8243;][et_pb_testimonial admin_label=&#8221;BMW&#8221; portrait_url=&#8221;http:\/\/avgd.com.br\/AVGD\/wp-content\/uploads\/2017\/05\/bmwbadge-e1496330223679.jpg&#8221; quote_icon=&#8221;off&#8221; background_layout=&#8221;light&#8221; _builder_version=&#8221;3.0.94&#8243; url_new_window=&#8221;off&#8221; use_background_color=&#8221;on&#8221; quote_icon_background_color=&#8221;#f5f5f5&#8243;]<\/p>\n<p><strong>BMW<\/strong> <\/p>\n<p><a href=\"https:\/\/www.dodsonmotorsport.com\/bmw\/bmw-dct-sportsman-plus.html\">BMW DCT<\/a><br \/>\nEx: E82\/88 135i, E89 Z4, E90\/92\/93 335i e M3, F80 M3, F82\/83 M4, F10 M5, F06\/12\/13 M6<\/p>\n<p>[\/et_pb_testimonial][\/et_pb_column][et_pb_column type=&#8221;1_4&#8243;][et_pb_testimonial admin_label=&#8221;Lambo&#8221; portrait_url=&#8221;http:\/\/avgd.com.br\/AVGD\/wp-content\/uploads\/2018\/01\/4211294090_fc05909c7a_b.jpg&#8221; quote_icon=&#8221;off&#8221; background_layout=&#8221;light&#8221; _builder_version=&#8221;3.0.94&#8243; url_new_window=&#8221;off&#8221; use_background_color=&#8221;on&#8221; quote_icon_background_color=&#8221;#f5f5f5&#8243;]<\/p>\n<p><strong>LAMBORGHINI<\/strong> <\/p>\n<p><a href=\"https:\/\/www.dodsonmotorsport.com\/lamborghini\/audir8-huracan-promax.html\">Huracan<\/a><\/p>\n<p>[\/et_pb_testimonial][\/et_pb_column][et_pb_column type=&#8221;1_4&#8243;][et_pb_testimonial admin_label=&#8221;Porsche&#8221; portrait_url=&#8221;http:\/\/avgd.com.br\/AVGD\/wp-content\/uploads\/2017\/06\/IMG_05311-750&#215;499-e1496548444397.jpg&#8221; quote_icon=&#8221;off&#8221; background_layout=&#8221;light&#8221; _builder_version=&#8221;3.0.94&#8243; url_new_window=&#8221;off&#8221; use_background_color=&#8221;on&#8221; quote_icon_background_color=&#8221;#f5f5f5&#8243;]<\/p>\n<p><strong>PORSCHE<\/strong> <\/p>\n<p><a href=\"https:\/\/www.dodsonmotorsport.com\/porsche\/dmspdk2upgrade.html\">PDK Tra\u00e7\u00e3o Traseira<\/a><br \/>\n997.2 e 991 <\/p>\n<p><a href=\"https:\/\/www.dodsonmotorsport.com\/porsche\/dmspdkupgrade.html\">PDK Tra\u00e7\u00e3o AWD<\/a><br \/>\n997.2 e 991<\/p>\n<p>[\/et_pb_testimonial][\/et_pb_column][\/et_pb_row][\/et_pb_section][et_pb_section bb_built=&#8221;1&#8243; background_color=&#8221;rgba(2,2,2,0.8)&#8221; inner_shadow=&#8221;on&#8221; custom_padding_last_edited=&#8221;on|desktop&#8221; _builder_version=&#8221;3.0.94&#8243; background_image=&#8221;http:\/\/avgd.com.br\/AVGD\/wp-content\/uploads\/2018\/05\/Basked.jpg&#8221; custom_padding_tablet=&#8221;50px|0|50px|0&#8243;][et_pb_row _builder_version=&#8221;3.0.47&#8243; background_size=&#8221;initial&#8221; background_position=&#8221;top_left&#8221; background_repeat=&#8221;repeat&#8221;][et_pb_column type=&#8221;1_2&#8243;][et_pb_text background_layout=&#8221;dark&#8221; _builder_version=&#8221;3.0.94&#8243; header_font=&#8221;|700||on|||||&#8221; header_font_size=&#8221;46px&#8221; header_font_size_phone=&#8221;24px&#8221; header_font_size_last_edited=&#8221;on|phone&#8221; header_letter_spacing=&#8221;2px&#8221; background_size=&#8221;initial&#8221; background_position=&#8221;top_left&#8221; background_repeat=&#8221;repeat&#8221; text_orientation=&#8221;right&#8221; use_border_color=&#8221;off&#8221;]<\/p>\n<h1 style=\"text-align: right;\"><strong>SOLICITE UM OR\u00c7AMENTO <\/strong><\/h1>\n<p>[\/et_pb_text][\/et_pb_column][et_pb_column type=&#8221;1_2&#8243;][et_pb_contact_form captcha=&#8221;off&#8221; email=&#8221;contato@avgd.com.br&#8221; use_redirect=&#8221;on&#8221; redirect_url=&#8221;http:\/\/avgd.com.br\/AVGD\/enviado-com-sucesso\/&#8221; success_message=&#8221;Aguarde, enviando mensagem&#8230;&#8221; submit_button_text=&#8221;Enviar&#8221; module_id=&#8221;et_pb_contact_form_0&#8243; _builder_version=&#8221;3.0.94&#8243;][et_pb_contact_field field_id=&#8221;Nome&#8221; field_title=&#8221;Nome&#8221; fullwidth_field=&#8221;on&#8221; _builder_version=&#8221;3.0.94&#8243;][\/et_pb_contact_field][et_pb_contact_field field_id=&#8221;Email&#8221; field_title=&#8221;Email&#8221; field_type=&#8221;email&#8221; fullwidth_field=&#8221;on&#8221; _builder_version=&#8221;3.0.94&#8243;][\/et_pb_contact_field][et_pb_contact_field field_id=&#8221;Telefone&#8221; field_title=&#8221;Telefone&#8221; allowed_symbols=&#8221;numbers&#8221; fullwidth_field=&#8221;on&#8221; _builder_version=&#8221;3.0.94&#8243;][\/et_pb_contact_field][et_pb_contact_field field_id=&#8221;Como_nos_conheceu?&#8221; field_title=&#8221;Como nos conheceu?&#8221; field_type=&#8221;select&#8221; select_options=&#8221;%91{%22value%22:%22Indica\u00e7\u00e3o de amigo%22,%22checked%22:0},{%22value%22:%22Pesquisei no Google%22,%22checked%22:0},{%22value%22:%22Vi um artigo no Blog%22,%22checked%22:0},{%22value%22:%22Assisti um v\u00eddeo no Youtube%22,%22checked%22:0},{%22value%22:%22Descobri pelo Facebook%22,%22checked%22:0},{%22value%22:%22Descobri pelo Instagram%22,%22checked%22:0},{%22value%22:%22Nenhuma das anteriores%22,%22checked%22:0}%93&#8243; fullwidth_field=&#8221;on&#8221; _builder_version=&#8221;3.0.94&#8243;][\/et_pb_contact_field][et_pb_contact_field field_id=&#8221;Mensagem&#8221; field_title=&#8221;Mensagem&#8221; field_type=&#8221;text&#8221; fullwidth_field=&#8221;on&#8221; _builder_version=&#8221;3.0.94&#8243;][\/et_pb_contact_field][\/et_pb_contact_form][\/et_pb_column][\/et_pb_row][\/et_pb_section]<\/p>\n","protected":false},"excerpt":{"rendered":"<p>[et_pb_section bb_built=&#8221;1&#8243; fullwidth=&#8221;on&#8221; _builder_version=&#8221;3.0.94&#8243;][et_pb_fullwidth_slider _builder_version=&#8221;3.0.94&#8243; header_text_align=&#8221;left&#8221; header_font_size=&#8221;50px&#8221; body_font=&#8221;|||on|||||&#8221; body_font_size=&#8221;24px&#8221; body_font_size_last_edited=&#8221;on|desktop&#8221; body_letter_spacing=&#8221;1px&#8221; background_position=&#8221;top_left&#8221; text_orientation=&#8221;left&#8221;][et_pb_slide heading=&#8221;DODSON MOTORSPORT&#8221; image=&#8221;http:\/\/avgd.com.br\/AVGD\/wp-content\/uploads\/2018\/05\/dodsonlogo.png&#8221; use_bg_overlay=&#8221;off&#8221; use_text_overlay=&#8221;off&#8221; _builder_version=&#8221;3.0.94&#8243; header_font=&#8221;|700||on|||||&#8221; header_font_size_phone=&#8221;40px&#8221; header_font_size_last_edited=&#8221;on|phone&#8221; header_letter_spacing=&#8221;2px&#8221; header_letter_spacing_tablet=&#8221;2px&#8221; header_letter_spacing_phone=&#8221;2px&#8221; header_text_shadow_style=&#8221;preset1&#8243; body_font=&#8221;|300|||||||&#8221; background_color=&#8221;rgba(0,0,0,0.84)&#8221; background_image=&#8221;http:\/\/avgd.com.br\/AVGD\/wp-content\/uploads\/2018\/05\/header.jpg&#8221; parallax=&#8221;on&#8221; parallax_method=&#8221;off&#8221; custom_button=&#8221;off&#8221; button_on_hover=&#8221;on&#8221;] Revendedor e Instalador Autorizado [\/et_pb_slide][\/et_pb_fullwidth_slider][\/et_pb_section][et_pb_section bb_built=&#8221;1&#8243; admin_label=&#8221;section&#8221; _builder_version=&#8221;3.0.94&#8243;][et_pb_row _builder_version=&#8221;3.0.94&#8243; background_size=&#8221;initial&#8221; background_position=&#8221;top_left&#8221; background_repeat=&#8221;repeat&#8221;][et_pb_column type=&#8221;1_3&#8243;][et_pb_text _builder_version=&#8221;3.0.94&#8243; header_font_size=&#8221;45px&#8221; header_font_size_phone=&#8221;22px&#8221; header_font_size_last_edited=&#8221;on|phone&#8221; header_letter_spacing=&#8221;2px&#8221; background_size=&#8221;initial&#8221; background_position=&#8221;top_left&#8221; background_repeat=&#8221;repeat&#8221; use_border_color=&#8221;off&#8221;] [&hellip;]<\/p>\n","protected":false},"author":1,"featured_media":0,"parent":2094,"menu_order":0,"comment_status":"closed","ping_status":"closed","template":"","meta":{"_et_pb_use_builder":"on","_et_pb_old_content":"","_et_gb_content_width":"","footnotes":""},"class_list":["post-3623","page","type-page","status-publish","hentry"],"_links":{"self":[{"href":"https:\/\/avgd.com.br\/AVGD\/wp-json\/wp\/v2\/pages\/3623","targetHints":{"allow":["GET"]}}],"collection":[{"href":"https:\/\/avgd.com.br\/AVGD\/wp-json\/wp\/v2\/pages"}],"about":[{"href":"https:\/\/avgd.com.br\/AVGD\/wp-json\/wp\/v2\/types\/page"}],"author":[{"embeddable":true,"href":"https:\/\/avgd.com.br\/AVGD\/wp-json\/wp\/v2\/users\/1"}],"replies":[{"embeddable":true,"href":"https:\/\/avgd.com.br\/AVGD\/wp-json\/wp\/v2\/comments?post=3623"}],"version-history":[{"count":2,"href":"https:\/\/avgd.com.br\/AVGD\/wp-json\/wp\/v2\/pages\/3623\/revisions"}],"predecessor-version":[{"id":3686,"href":"https:\/\/avgd.com.br\/AVGD\/wp-json\/wp\/v2\/pages\/3623\/revisions\/3686"}],"up":[{"embeddable":true,"href":"https:\/\/avgd.com.br\/AVGD\/wp-json\/wp\/v2\/pages\/2094"}],"wp:attachment":[{"href":"https:\/\/avgd.com.br\/AVGD\/wp-json\/wp\/v2\/media?parent=3623"}],"curies":[{"name":"wp","href":"https:\/\/api.w.org\/{rel}","templated":true}]}}