{"id":230,"date":"2014-11-02T01:23:22","date_gmt":"2014-11-02T03:23:22","guid":{"rendered":"http:\/\/avgd.com.br\/AVGD\/?page_id=230"},"modified":"2017-06-05T12:51:24","modified_gmt":"2017-06-05T14:51:24","slug":"geometria-e-balanceamento","status":"publish","type":"page","link":"https:\/\/avgd.com.br\/AVGD\/geometria-e-balanceamento\/","title":{"rendered":"Geometria e Balanceamento"},"content":{"rendered":"<p>[et_pb_section admin_label=&#8221;section&#8221; fullwidth=&#8221;off&#8221; specialty=&#8221;off&#8221;][et_pb_row admin_label=&#8221;row&#8221;][et_pb_column type=&#8221;4_4&#8243;][et_pb_blurb admin_label=&#8221;Blurb&#8221; title=&#8221;Geometria e Balanceamento&#8221; url_new_window=&#8221;off&#8221; use_icon=&#8221;on&#8221; font_icon=&#8221;\ue0ff&#8221; icon_color=&#8221;#ff6600&#8243; use_circle=&#8221;on&#8221; circle_color=&#8221;#003366&#8243; use_circle_border=&#8221;off&#8221; circle_border_color=&#8221;#ff6600&#8243; icon_placement=&#8221;top&#8221; animation=&#8221;bottom&#8221; background_layout=&#8221;light&#8221; text_orientation=&#8221;center&#8221; use_icon_font_size=&#8221;off&#8221; use_border_color=&#8221;off&#8221; border_color=&#8221;#ffffff&#8221; border_style=&#8221;solid&#8221;]<\/p>\n<p>Reunimos em um s\u00f3 lugar, o que h\u00e1 de melhor em pneus, alinhamento e balanceamento a n\u00edvel mundial.<\/p>\n<p>[\/et_pb_blurb][et_pb_divider admin_label=&#8221;Divider&#8221; color=&#8221;#ff6600&#8243; show_divider=&#8221;on&#8221;] [\/et_pb_divider][\/et_pb_column][\/et_pb_row][et_pb_row admin_label=&#8221;row&#8221;][et_pb_column type=&#8221;4_4&#8243;][et_pb_text admin_label=&#8221;Balanceamento&#8221; background_layout=&#8221;light&#8221; text_orientation=&#8221;left&#8221;]<\/p>\n<h1><span style=\"color: #003366;\">Balanceamento de Rodas<\/span><\/h1>\n<p>[\/et_pb_text][\/et_pb_column][\/et_pb_row][et_pb_row admin_label=&#8221;row&#8221;][et_pb_column type=&#8221;1_3&#8243;][et_pb_accordion admin_label=&#8221;BalanceamentoAcordion&#8221;] [et_pb_accordion_item title=&#8221;Garantia Extendida&#8221;]<\/p>\n<p><strong>Servi\u00e7o com garantia de 6 meses ou 7.000km.<\/strong> N\u00e3o v\u00e1lido para ve\u00edculos blindados, off-road, ou que necessitem de reparo nos pneus ou rodas.<\/p>\n<p>[\/et_pb_accordion_item][et_pb_accordion_item title=&#8221;Laudos T\u00e9cnicos&#8221;]<\/p>\n<p>Impress\u00e3o de laudos t\u00e9cnicos explicativos dos diversos servi\u00e7os realizados pelo equipamento, constando informa\u00e7\u00f5es como quantidade e localiza\u00e7\u00e3o dos pesos utilizados, press\u00e3o de calibra\u00e7\u00e3o, grau de empenamento de rodas, entre outros no modo de Balanceamento T\u00e9cnico (veja abaixo).<\/p>\n<p>[\/et_pb_accordion_item][et_pb_accordion_item title=&#8221;Rodas Amassadas&#8221;]<\/p>\n<p>Executa leitura de empenamento e ovaliza\u00e7\u00e3o para rodas de liga leve amassadas, indicando o grau do dano sofrido e a necessidade ou n\u00e3o de reparo.<\/p>\n<p>[\/et_pb_accordion_item] [\/et_pb_accordion][\/et_pb_column][et_pb_column type=&#8221;1_3&#8243;][et_pb_text admin_label=&#8221;BalanceamentoTexto&#8221; background_layout=&#8221;light&#8221; text_orientation=&#8221;left&#8221;]<\/p>\n<p>Esta\u00e7\u00e3o de Balanceamento de Rodas Hunter, para balanceamento do conjunto roda e pneu com tecnologia exclusiva de balanceamento t\u00e9cnico.<br \/>\nBalanceamos todos os tamanhos de rodas e pneus, seja para ve\u00edculos de roda largas como Porsches e Lamborghinis, bem como para pneus superdimensionados como Trollers e ve\u00edculos lameiros de suspens\u00e3o erguida como Artic Trucks.<\/p>\n<p>[\/et_pb_text][\/et_pb_column][et_pb_column type=&#8221;1_3&#8243;][et_pb_image admin_label=&#8221;Image&#8221; src=&#8221;http:\/\/avgd.com.br\/AVGD\/wp-content\/uploads\/2014\/11\/Balanceamento.jpg&#8221; alt=&#8221;Fixa\u00e7\u00e3o de contrapesos para balanceamento com exclusiva tecnologia a laser. &#8211; AvantGarde Servi\u00e7os Automotivos&#8221; show_in_lightbox=&#8221;on&#8221; url_new_window=&#8221;off&#8221; animation=&#8221;off&#8221; sticky=&#8221;off&#8221;] [\/et_pb_image][\/et_pb_column][\/et_pb_row][\/et_pb_section][et_pb_section admin_label=&#8221;section&#8221; fullwidth=&#8221;off&#8221; specialty=&#8221;off&#8221; background_image=&#8221;http:\/\/avgd.com.br\/AVGD\/wp-content\/uploads\/2014\/11\/FundoTec.jpg&#8221; transparent_background=&#8221;off&#8221; background_color=&#8221;#ffffff&#8221; inner_shadow=&#8221;off&#8221; parallax=&#8221;on&#8221; parallax_method=&#8221;on&#8221;][et_pb_row admin_label=&#8221;row&#8221;][et_pb_column type=&#8221;4_4&#8243;][et_pb_text admin_label=&#8221;BalanceamentoTec&#8221; background_layout=&#8221;light&#8221; text_orientation=&#8221;left&#8221;]<\/p>\n<h1><span style=\"color: #ff6600;\">Balanceamento T\u00e9cnico<\/span><\/h1>\n<p>[\/et_pb_text][et_pb_text admin_label=&#8221;BalanceamentoTexto&#8221; background_layout=&#8221;dark&#8221; text_orientation=&#8221;left&#8221;]<\/p>\n<p>Muito al\u00e9m de uma distribui\u00e7\u00e3o de pesos, o exclusivo Balanceamento T\u00e9cnico obt\u00e9m um c\u00e1lculo muito mais preciso da vibra\u00e7\u00e3o e tend\u00eancia direcional do conjunto. O servi\u00e7o de balanceamento de rodas elevado ao seu estado de arte. Recomendado para ve\u00edculos conduzidos no limite ou para problemas severos de desbalanceamento e tend\u00eancia direcional.<\/p>\n<p>[\/et_pb_text][\/et_pb_column][\/et_pb_row][et_pb_row admin_label=&#8221;row&#8221;][et_pb_column type=&#8221;1_2&#8243;][et_pb_blurb admin_label=&#8221;Roadforce&#8221; title=&#8221;RoadForce&#8221; url_new_window=&#8221;off&#8221; use_icon=&#8221;on&#8221; font_icon=&#8221;\ue048&#8221; icon_color=&#8221;#ff6600&#8243; use_circle=&#8221;on&#8221; circle_color=&#8221;#003366&#8243; use_circle_border=&#8221;off&#8221; circle_border_color=&#8221;#ff6600&#8243; icon_placement=&#8221;top&#8221; animation=&#8221;top&#8221; background_layout=&#8221;dark&#8221; text_orientation=&#8221;center&#8221;]<\/p>\n<p>A combina\u00e7\u00e3o de um rolo compressor que aplica at\u00e9 700 kg de press\u00e3o no conjunto de roda e pneu, com os sensores de alta precis\u00e3o, que fazem a leitura de deformidades superficiais e internas no pneu e na roda que possam interferir diretamente no conforto e estabilidade durante a condu\u00e7\u00e3o do ve\u00edculo.<\/p>\n<p>[\/et_pb_blurb][\/et_pb_column][et_pb_column type=&#8221;1_2&#8243;][et_pb_blurb admin_label=&#8221;StraightTrack&#8221; title=&#8221;StraightTrack&#8221; url_new_window=&#8221;off&#8221; use_icon=&#8221;on&#8221; font_icon=&#8221;\ue039&#8221; icon_color=&#8221;#ff6600&#8243; use_circle=&#8221;on&#8221; circle_color=&#8221;#003366&#8243; use_circle_border=&#8221;off&#8221; circle_border_color=&#8221;#ff6600&#8243; icon_placement=&#8221;top&#8221; animation=&#8221;bottom&#8221; background_layout=&#8221;dark&#8221; text_orientation=&#8221;center&#8221;]<\/p>\n<p>Faz a leitura individual da superf\u00edcie dos 4 pneus, e indica o melhor posicionamento de cada roda no ve\u00edculo, minimizando qualquer empuxo lateral ou tendencia direcional que influenciem negativamente na dirigibilidade do ve\u00edculo.<\/p>\n<p>[\/et_pb_blurb][\/et_pb_column][\/et_pb_row][et_pb_row admin_label=&#8221;row&#8221;][et_pb_column type=&#8221;1_3&#8243;][et_pb_image admin_label=&#8221;Tecnologia&#8221; src=&#8221;http:\/\/avgd.com.br\/AVGD\/wp-content\/uploads\/2014\/11\/Maquina.jpg&#8221; show_in_lightbox=&#8221;on&#8221; url_new_window=&#8221;off&#8221; animation=&#8221;off&#8221; sticky=&#8221;on&#8221; alt=&#8221;Tecnologia de balanceamento consagrada a n\u00edvel mundial exclusiva na AvantGarde. &#8211; AvantGarde Servi\u00e7os Automotivos&#8221;] [\/et_pb_image][\/et_pb_column][et_pb_column type=&#8221;1_3&#8243;][et_pb_image admin_label=&#8221;Foco&#8221; src=&#8221;http:\/\/avgd.com.br\/AVGD\/wp-content\/uploads\/2014\/11\/Rolo.jpg&#8221; show_in_lightbox=&#8221;on&#8221; url_new_window=&#8221;off&#8221; animation=&#8221;off&#8221; sticky=&#8221;on&#8221; alt=&#8221;Fixa\u00e7\u00e3o de roda com sistema exclusivo a v\u00e1cuo. Ao fundo, o rolo compressor. &#8211; AvantGarde Servi\u00e7os Automotivos&#8221;] [\/et_pb_image][\/et_pb_column][et_pb_column type=&#8221;1_3&#8243;][et_pb_image admin_label=&#8221;Rodas&#8221; src=&#8221;http:\/\/avgd.com.br\/AVGD\/wp-content\/uploads\/2014\/11\/Numeracao.jpg&#8221; show_in_lightbox=&#8221;on&#8221; url_new_window=&#8221;off&#8221; animation=&#8221;off&#8221; sticky=&#8221;on&#8221; alt=&#8221;Rodas numeradas pala instala\u00e7\u00e3o conforme ordem determinada pelo equipamento. &#8211; AvantGarde Servi\u00e7os Automotivos&#8221;] [\/et_pb_image][\/et_pb_column][\/et_pb_row][\/et_pb_section][et_pb_section admin_label=&#8221;section&#8221; fullwidth=&#8221;off&#8221; specialty=&#8221;off&#8221;][et_pb_row admin_label=&#8221;row&#8221;][et_pb_column type=&#8221;4_4&#8243;][et_pb_text admin_label=&#8221;Geometria&#8221; background_layout=&#8221;light&#8221; text_orientation=&#8221;left&#8221;]<\/p>\n<h1><span style=\"color: #003366;\">Geometria de Suspens\u00e3o e Alinhamento<\/span><\/h1>\n<p>[\/et_pb_text][\/et_pb_column][\/et_pb_row][et_pb_row admin_label=&#8221;row&#8221;][et_pb_column type=&#8221;1_3&#8243;][et_pb_image admin_label=&#8221;Image&#8221; src=&#8221;http:\/\/avgd.com.br\/AVGD\/wp-content\/uploads\/2014\/11\/Alinhamento1.jpg&#8221; show_in_lightbox=&#8221;on&#8221; url_new_window=&#8221;off&#8221; animation=&#8221;off&#8221; sticky=&#8221;on&#8221;] [\/et_pb_image][\/et_pb_column][et_pb_column type=&#8221;1_3&#8243;][et_pb_accordion admin_label=&#8221;GeometriaAcordion&#8221; use_border_color=&#8221;off&#8221; border_color=&#8221;#ffffff&#8221; border_style=&#8221;solid&#8221;] [et_pb_accordion_item title=&#8221;Tecnologia de Ponta&#8221;]<\/p>\n<p><em>Tecnologia 3D \u00fanica, com 4 c\u00e2meras de alta defini\u00e7\u00e3o, com precis\u00e3o de +_0,01<sup>o <\/sup>para leitura e ajuste de \u00e2ngulos da suspens\u00e3o. O equipamento mais moderno, r\u00e1pido e preciso do mundo. Permite leitura e calibragem de altura de chassis para ve\u00edculos com sistemas de suspens\u00e3o com ajuste pneum\u00e1tico ou hidr\u00e1ulico, bem como recalibra\u00e7\u00e3o de sensores de ester\u00e7o em volantes para ve\u00edculos com os sistemas de controle de estabilidade.<\/em><\/p>\n<p><em>\u00a0<\/em><\/p>\n<p>[\/et_pb_accordion_item][et_pb_accordion_item title=&#8221;Garantia Extendida&#8221;]<\/p>\n<p><em><strong>Servi\u00e7o com garantia de 6 meses ou 7.000km.<\/strong> N\u00e3o v\u00e1lido para ve\u00edculos blindados, ou que sofreram colis\u00f5es no tr\u00e2nsito ou substitui\u00e7\u00e3o de pe\u00e7as relacionadas \u00e0 geometria ap\u00f3s a realiza\u00e7\u00e3o do servi\u00e7o.<\/em><\/p>\n<p>[\/et_pb_accordion_item][et_pb_accordion_item title=&#8221;Valores de F\u00e1brica&#8221;]<\/p>\n<p><em>Leitura e ajustes de \u00e2ngulos baseados nos valores originais de f\u00e1brica. A geometria do seu carro do mesmo jeito que saiu de f\u00e1brica.<br \/>\n<\/em><\/p>\n<p>[\/et_pb_accordion_item][et_pb_accordion_item title=&#8221;Laudo T\u00e9cnico&#8221;]<\/p>\n<p><em>Impress\u00e3o de laudo explicativo do ajuste necess\u00e1rio ou do servi\u00e7o realizado.<\/em><\/p>\n<p>[\/et_pb_accordion_item] [\/et_pb_accordion][\/et_pb_column][et_pb_column type=&#8221;1_3&#8243;][et_pb_text admin_label=&#8221;Text&#8221; background_layout=&#8221;light&#8221; text_orientation=&#8221;left&#8221;]<\/p>\n<p>Esta\u00e7\u00e3o Hunter WinAlign Elite, equipamento de \u00faltima gera\u00e7\u00e3o e o primeiro instalado no Brasil, para diagn\u00f3stico e regulagem dos \u00e2ngulos de geometria de suspens\u00e3o como alinhamento de volante, converg\u00eancia, camber (cambagem) e caster (avan\u00e7o), bem como calibra\u00e7\u00e3o de suspens\u00f5es com regulagem de altura.<\/p>\n<p>&nbsp;<\/p>\n<p>[\/et_pb_text][\/et_pb_column][\/et_pb_row][et_pb_row admin_label=&#8221;row&#8221;][et_pb_column type=&#8221;1_3&#8243;][et_pb_image admin_label=&#8221;RangeRoverRampa&#8221; src=&#8221;http:\/\/avgd.com.br\/AVGD\/wp-content\/uploads\/2014\/11\/RangeRover.jpg&#8221; show_in_lightbox=&#8221;on&#8221; url_new_window=&#8221;off&#8221; animation=&#8221;off&#8221; sticky=&#8221;on&#8221; alt=&#8221;Geometria de suspens\u00e3o e regulagem de altura para ve\u00edculos com ajuste din\u00e2mico. &#8211; AvantGarde Servi\u00e7os Automotivos&#8221;] [\/et_pb_image][\/et_pb_column][et_pb_column type=&#8221;1_3&#8243;][et_pb_image admin_label=&#8221;PorscheRampa&#8221; src=&#8221;http:\/\/avgd.com.br\/AVGD\/wp-content\/uploads\/2014\/11\/Porsche.jpg&#8221; show_in_lightbox=&#8221;on&#8221; url_new_window=&#8221;off&#8221; animation=&#8221;off&#8221; sticky=&#8221;on&#8221; alt=&#8221;Geometria de suspens\u00e3o de esportivos com refer\u00eancia aos valores originais de f\u00e1brica. &#8211; AvantGarde Servi\u00e7os Automotivos&#8221;] [\/et_pb_image][\/et_pb_column][et_pb_column type=&#8221;1_3&#8243;][et_pb_image admin_label=&#8221;Maserati&#8221; src=&#8221;http:\/\/avgd.com.br\/AVGD\/wp-content\/uploads\/2014\/11\/Maserati.jpg&#8221; show_in_lightbox=&#8221;on&#8221; url_new_window=&#8221;off&#8221; animation=&#8221;off&#8221; sticky=&#8221;on&#8221; alt=&#8221;Geometria de suspens\u00e3o para ve\u00edculos not\u00f3rios pela alta complexidade de ajuste. &#8211; AvantGarde Servi\u00e7os Automotivos&#8221;] [\/et_pb_image][\/et_pb_column][\/et_pb_row][\/et_pb_section]<\/p>\n","protected":false},"excerpt":{"rendered":"<p>[et_pb_section admin_label=&#8221;section&#8221; fullwidth=&#8221;off&#8221; specialty=&#8221;off&#8221;][et_pb_row admin_label=&#8221;row&#8221;][et_pb_column type=&#8221;4_4&#8243;][et_pb_blurb admin_label=&#8221;Blurb&#8221; title=&#8221;Geometria e Balanceamento&#8221; url_new_window=&#8221;off&#8221; use_icon=&#8221;on&#8221; font_icon=&#8221;\ue0ff&#8221; icon_color=&#8221;#ff6600&#8243; use_circle=&#8221;on&#8221; circle_color=&#8221;#003366&#8243; use_circle_border=&#8221;off&#8221; circle_border_color=&#8221;#ff6600&#8243; icon_placement=&#8221;top&#8221; animation=&#8221;bottom&#8221; background_layout=&#8221;light&#8221; text_orientation=&#8221;center&#8221; use_icon_font_size=&#8221;off&#8221; use_border_color=&#8221;off&#8221; border_color=&#8221;#ffffff&#8221; border_style=&#8221;solid&#8221;] Reunimos em um s\u00f3 lugar, o que h\u00e1 de melhor em pneus, alinhamento e balanceamento a n\u00edvel mundial. [\/et_pb_blurb][et_pb_divider admin_label=&#8221;Divider&#8221; color=&#8221;#ff6600&#8243; show_divider=&#8221;on&#8221;] [\/et_pb_divider][\/et_pb_column][\/et_pb_row][et_pb_row admin_label=&#8221;row&#8221;][et_pb_column type=&#8221;4_4&#8243;][et_pb_text admin_label=&#8221;Balanceamento&#8221; background_layout=&#8221;light&#8221; text_orientation=&#8221;left&#8221;] Balanceamento [&hellip;]<\/p>\n","protected":false},"author":1,"featured_media":0,"parent":0,"menu_order":0,"comment_status":"closed","ping_status":"closed","template":"","meta":{"_et_pb_use_builder":"on","_et_pb_old_content":"","_et_gb_content_width":"","footnotes":""},"class_list":["post-230","page","type-page","status-publish","hentry"],"_links":{"self":[{"href":"https:\/\/avgd.com.br\/AVGD\/wp-json\/wp\/v2\/pages\/230","targetHints":{"allow":["GET"]}}],"collection":[{"href":"https:\/\/avgd.com.br\/AVGD\/wp-json\/wp\/v2\/pages"}],"about":[{"href":"https:\/\/avgd.com.br\/AVGD\/wp-json\/wp\/v2\/types\/page"}],"author":[{"embeddable":true,"href":"https:\/\/avgd.com.br\/AVGD\/wp-json\/wp\/v2\/users\/1"}],"replies":[{"embeddable":true,"href":"https:\/\/avgd.com.br\/AVGD\/wp-json\/wp\/v2\/comments?post=230"}],"version-history":[{"count":2,"href":"https:\/\/avgd.com.br\/AVGD\/wp-json\/wp\/v2\/pages\/230\/revisions"}],"predecessor-version":[{"id":2784,"href":"https:\/\/avgd.com.br\/AVGD\/wp-json\/wp\/v2\/pages\/230\/revisions\/2784"}],"wp:attachment":[{"href":"https:\/\/avgd.com.br\/AVGD\/wp-json\/wp\/v2\/media?parent=230"}],"curies":[{"name":"wp","href":"https:\/\/api.w.org\/{rel}","templated":true}]}}